{"id":413,"date":"2016-12-10T13:58:48","date_gmt":"2016-12-10T15:58:48","guid":{"rendered":"http:\/\/nasa2.facc10.org.br\/?page_id=413"},"modified":"2022-07-21T11:01:46","modified_gmt":"2022-07-21T14:01:46","slug":"perfil","status":"publish","type":"page","link":"https:\/\/www.facc10.org.br\/?page_id=413","title":{"rendered":"Perfil"},"content":{"rendered":"\t\t<div data-elementor-type=\"wp-post\" data-elementor-id=\"413\" class=\"elementor elementor-413\">\n\t\t\t\t\t\t<section class=\"elementor-section elementor-top-section elementor-element elementor-element-cwvnsdn elementor-section-boxed elementor-section-height-default elementor-section-height-default\" data-id=\"cwvnsdn\" data-element_type=\"section\">\n\t\t\t\t\t\t<div class=\"elementor-container elementor-column-gap-default\">\n\t\t\t\t\t<div class=\"elementor-column elementor-col-100 elementor-top-column elementor-element elementor-element-tonfcyv\" data-id=\"tonfcyv\" data-element_type=\"column\">\n\t\t\t<div class=\"elementor-widget-wrap elementor-element-populated\">\n\t\t\t\t\t\t<div class=\"elementor-element elementor-element-vztntow elementor-widget elementor-widget-heading\" data-id=\"vztntow\" data-element_type=\"widget\" data-widget_type=\"heading.default\">\n\t\t\t\t<div class=\"elementor-widget-container\">\n\t\t\t\t\t<h4 class=\"elementor-heading-title elementor-size-default\">Perfil Institucional<\/h4>\t\t\t\t<\/div>\n\t\t\t\t<\/div>\n\t\t\t\t<div class=\"elementor-element elementor-element-lvqgagy elementor-widget-divider--view-line elementor-widget elementor-widget-divider\" data-id=\"lvqgagy\" data-element_type=\"widget\" data-widget_type=\"divider.default\">\n\t\t\t\t<div class=\"elementor-widget-container\">\n\t\t\t\t\t\t\t<div class=\"elementor-divider\">\n\t\t\t<span class=\"elementor-divider-separator\">\n\t\t\t\t\t\t<\/span>\n\t\t<\/div>\n\t\t\t\t\t\t<\/div>\n\t\t\t\t<\/div>\n\t\t\t\t\t<\/div>\n\t\t<\/div>\n\t\t\t\t\t<\/div>\n\t\t<\/section>\n\t\t\t\t<section class=\"elementor-section elementor-top-section elementor-element elementor-element-mdphfwl elementor-section-boxed elementor-section-height-default elementor-section-height-default\" data-id=\"mdphfwl\" data-element_type=\"section\">\n\t\t\t\t\t\t<div class=\"elementor-container elementor-column-gap-default\">\n\t\t\t\t\t<div class=\"elementor-column elementor-col-100 elementor-top-column elementor-element elementor-element-1a4jxhr\" data-id=\"1a4jxhr\" data-element_type=\"column\">\n\t\t\t<div class=\"elementor-widget-wrap elementor-element-populated\">\n\t\t\t\t\t\t<div class=\"elementor-element elementor-element-3pi3n50 elementor-widget elementor-widget-text-editor\" data-id=\"3pi3n50\" data-element_type=\"widget\" data-widget_type=\"text-editor.default\">\n\t\t\t\t<div class=\"elementor-widget-container\">\n\t\t\t\t\t\t\t\t\t<p><\/p>\n<p>Criada em 2004, a Funda\u00e7\u00e3o de Apoio ao Desenvolvimento da Computa\u00e7\u00e3o Cient\u00edfica (FACC) propicia apoio administrativo a Institui\u00e7\u00f5es Cient\u00edficas e Tecnol\u00f3gicas (ICTs) e a Universidades P\u00fablicas na execu\u00e7\u00e3o de projetos que envolvam pesquisa cient\u00edfica e tecnol\u00f3gica e inova\u00e7\u00e3o, bem como em atividades de presta\u00e7\u00e3o de servi\u00e7os t\u00e9cnicos especializados. A atua\u00e7\u00e3o da FACC norteia-se pela busca da excel\u00eancia na gest\u00e3o administrativa e financeira dos projetos e atividades que apoia. Pauta-se pela estrita conformidade com os princ\u00edpios b\u00e1sicos da legalidade, impessoalidade, moralidade, publicidade, economicidade e efici\u00eancia. Empenha-se tamb\u00e9m em manter elevado grau de zelo pelos interesses das institui\u00e7\u00f5es que apoia e pela compet\u00eancia profissional dos que nela trabalham.<\/p>\n<p>A&nbsp; FACC \u00e9 uma organiza\u00e7\u00e3o de direito privado, sem fins lucrativos, regida pelo C\u00f3digo Civil Brasileiro, estabelecida como Funda\u00e7\u00e3o de Apoio nos termos da Lei n\u00ba 8.958\/1994, credenciada junto ao Minist\u00e9rio da Ci\u00eancia, Tecnologia e Inova\u00e7\u00f5es (MCTI) e ao Minist\u00e9rio da Educa\u00e7\u00e3o (MEC). Aplicam-se \u00e0 FACC, por consequ\u00eancia, as disposi\u00e7\u00f5es da Lei n\u00ba 10.973\/2004 (\u201cLei da Inova\u00e7\u00e3o\u201d), os decretos reguladores desses instrumentos e as portarias interministeriais do MEC e MCTI pertinentes. Como funda\u00e7\u00e3o de direito privado, a FACC est\u00e1 tamb\u00e9m sujeita ao velamento por parte do Minist\u00e9rio P\u00fablico do Estado do Rio de Janeiro.<\/p>\n<p><\/p>\t\t\t\t\t\t\t\t<\/div>\n\t\t\t\t<\/div>\n\t\t\t\t\t<\/div>\n\t\t<\/div>\n\t\t\t\t\t<\/div>\n\t\t<\/section>\n\t\t\t\t<\/div>\n\t\t","protected":false},"excerpt":{"rendered":"<p>Perfil Institucional Criada em 2004, a Funda\u00e7\u00e3o de Apoio ao Desenvolvimento da Computa\u00e7\u00e3o Cient\u00edfica (FACC) propicia apoio administrativo a Institui\u00e7\u00f5es Cient\u00edficas e [&hellip;]<\/p>\n","protected":false},"author":1,"featured_media":0,"parent":0,"menu_order":0,"comment_status":"closed","ping_status":"closed","template":"page-templates\/page_fullwidth.php","meta":{"footnotes":"","_wp_rev_ctl_limit":""},"class_list":["post-413","page","type-page","status-publish","hentry","wpautop"],"_links":{"self":[{"href":"https:\/\/www.facc10.org.br\/index.php?rest_route=\/wp\/v2\/pages\/413","targetHints":{"allow":["GET"]}}],"collection":[{"href":"https:\/\/www.facc10.org.br\/index.php?rest_route=\/wp\/v2\/pages"}],"about":[{"href":"https:\/\/www.facc10.org.br\/index.php?rest_route=\/wp\/v2\/types\/page"}],"author":[{"embeddable":true,"href":"https:\/\/www.facc10.org.br\/index.php?rest_route=\/wp\/v2\/users\/1"}],"replies":[{"embeddable":true,"href":"https:\/\/www.facc10.org.br\/index.php?rest_route=%2Fwp%2Fv2%2Fcomments&post=413"}],"version-history":[{"count":5,"href":"https:\/\/www.facc10.org.br\/index.php?rest_route=\/wp\/v2\/pages\/413\/revisions"}],"predecessor-version":[{"id":9565,"href":"https:\/\/www.facc10.org.br\/index.php?rest_route=\/wp\/v2\/pages\/413\/revisions\/9565"}],"wp:attachment":[{"href":"https:\/\/www.facc10.org.br\/index.php?rest_route=%2Fwp%2Fv2%2Fmedia&parent=413"}],"curies":[{"name":"wp","href":"https:\/\/api.w.org\/{rel}","templated":true}]}}