{"id":410,"date":"2016-12-10T13:32:42","date_gmt":"2016-12-10T15:32:42","guid":{"rendered":"http:\/\/nasa2.facc10.org.br\/?page_id=410"},"modified":"2022-07-21T11:01:02","modified_gmt":"2022-07-21T14:01:02","slug":"servicos","status":"publish","type":"page","link":"https:\/\/www.facc10.org.br\/?page_id=410","title":{"rendered":"Servi\u00e7os"},"content":{"rendered":"\t\t<div data-elementor-type=\"wp-post\" data-elementor-id=\"410\" class=\"elementor elementor-410\">\n\t\t\t\t\t\t<section class=\"elementor-section elementor-top-section elementor-element elementor-element-akopniu elementor-section-boxed elementor-section-height-default elementor-section-height-default\" data-id=\"akopniu\" data-element_type=\"section\">\n\t\t\t\t\t\t<div class=\"elementor-container elementor-column-gap-default\">\n\t\t\t\t\t<div class=\"elementor-column elementor-col-100 elementor-top-column elementor-element elementor-element-dscbghn\" data-id=\"dscbghn\" data-element_type=\"column\">\n\t\t\t<div class=\"elementor-widget-wrap elementor-element-populated\">\n\t\t\t\t\t\t<div class=\"elementor-element elementor-element-exqbtds elementor-widget elementor-widget-heading\" data-id=\"exqbtds\" data-element_type=\"widget\" data-widget_type=\"heading.default\">\n\t\t\t\t<div class=\"elementor-widget-container\">\n\t\t\t\t\t<h4 class=\"elementor-heading-title elementor-size-default\">Servi\u00e7os da FACC<\/h4>\t\t\t\t<\/div>\n\t\t\t\t<\/div>\n\t\t\t\t<div class=\"elementor-element elementor-element-hzllxfc elementor-widget-divider--view-line elementor-widget elementor-widget-divider\" data-id=\"hzllxfc\" data-element_type=\"widget\" data-widget_type=\"divider.default\">\n\t\t\t\t<div class=\"elementor-widget-container\">\n\t\t\t\t\t\t\t<div class=\"elementor-divider\">\n\t\t\t<span class=\"elementor-divider-separator\">\n\t\t\t\t\t\t<\/span>\n\t\t<\/div>\n\t\t\t\t\t\t<\/div>\n\t\t\t\t<\/div>\n\t\t\t\t\t<\/div>\n\t\t<\/div>\n\t\t\t\t\t<\/div>\n\t\t<\/section>\n\t\t\t\t<section class=\"elementor-section elementor-top-section elementor-element elementor-element-lgrolo2 elementor-section-boxed elementor-section-height-default elementor-section-height-default\" data-id=\"lgrolo2\" data-element_type=\"section\">\n\t\t\t\t\t\t<div class=\"elementor-container elementor-column-gap-default\">\n\t\t\t\t\t<div class=\"elementor-column elementor-col-100 elementor-top-column elementor-element elementor-element-8kjj0ns\" data-id=\"8kjj0ns\" data-element_type=\"column\">\n\t\t\t<div class=\"elementor-widget-wrap elementor-element-populated\">\n\t\t\t\t\t\t<div class=\"elementor-element elementor-element-wpwmhg3 elementor-widget elementor-widget-text-editor\" data-id=\"wpwmhg3\" data-element_type=\"widget\" data-widget_type=\"text-editor.default\">\n\t\t\t\t<div class=\"elementor-widget-container\">\n\t\t\t\t\t\t\t\t\t<p>A gest\u00e3o administrativa de projetos que a FACC proporciona \u00e0s institui\u00e7\u00f5es apoiadas engloba as seguintes principais atividades:<\/p>\n<ul>\n<li>Relacionamento com as entidades concedentes dos recursos, empresas privadas ou \u00f3rg\u00e3os oficiais de fomento;<\/li>\n<li>Recebimento, aplica\u00e7\u00e3o e movimenta\u00e7\u00e3o dos recursos financeiros dos projetos, em contas banc\u00e1rias individualizadas;<\/li>\n<li>Pagamento de bolsas de ensino, de pesquisa e de extens\u00e3o e de est\u00edmulo \u00e0 inova\u00e7\u00e3o, quando previstas no projeto e com recursos definidos;<\/li>\n<li>Aquisi\u00e7\u00e3o de bens e contrata\u00e7\u00e3o de servi\u00e7os segundo as necessidades dos projetos, de acordo com a legisla\u00e7\u00e3o aplic\u00e1vel;<\/li>\n<li>Aquisi\u00e7\u00e3o por importa\u00e7\u00e3o direta de equipamentos e instrumentos, bem como seu transporte seguro e desembara\u00e7o alfandeg\u00e1rio;<\/li>\n<li>Controle patrimonial e transfer\u00eancia dos bens adquiridos ao t\u00e9rmino do projeto;<\/li>\n<li>Elabora\u00e7\u00e3o e an\u00e1lise de minutas de contratos e conv\u00eanios;<\/li>\n<li>Disponibilidade de ferramenta web para o acompanhamento financeiro do projeto pelos coordenadores;<\/li>\n<li>Elabora\u00e7\u00e3o de relat\u00f3rios financeiros;<\/li>\n<li>Acompanhamento de prazos e metas dos projetos e contratos;<\/li>\n<li>Presta\u00e7\u00e3o de contas aos \u00f3rg\u00e3os de fomento ou entidades financiadoras.<\/li>\n<\/ul>\t\t\t\t\t\t\t\t<\/div>\n\t\t\t\t<\/div>\n\t\t\t\t\t<\/div>\n\t\t<\/div>\n\t\t\t\t\t<\/div>\n\t\t<\/section>\n\t\t\t\t<\/div>\n\t\t","protected":false},"excerpt":{"rendered":"<p>Servi\u00e7os da FACC A gest\u00e3o administrativa de projetos que a FACC proporciona \u00e0s institui\u00e7\u00f5es apoiadas engloba as seguintes principais atividades: Relacionamento com [&hellip;]<\/p>\n","protected":false},"author":1,"featured_media":0,"parent":0,"menu_order":0,"comment_status":"closed","ping_status":"closed","template":"page-templates\/page_fullwidth.php","meta":{"footnotes":"","_wp_rev_ctl_limit":""},"class_list":["post-410","page","type-page","status-publish","hentry","wpautop"],"_links":{"self":[{"href":"https:\/\/www.facc10.org.br\/index.php?rest_route=\/wp\/v2\/pages\/410","targetHints":{"allow":["GET"]}}],"collection":[{"href":"https:\/\/www.facc10.org.br\/index.php?rest_route=\/wp\/v2\/pages"}],"about":[{"href":"https:\/\/www.facc10.org.br\/index.php?rest_route=\/wp\/v2\/types\/page"}],"author":[{"embeddable":true,"href":"https:\/\/www.facc10.org.br\/index.php?rest_route=\/wp\/v2\/users\/1"}],"replies":[{"embeddable":true,"href":"https:\/\/www.facc10.org.br\/index.php?rest_route=%2Fwp%2Fv2%2Fcomments&post=410"}],"version-history":[{"count":5,"href":"https:\/\/www.facc10.org.br\/index.php?rest_route=\/wp\/v2\/pages\/410\/revisions"}],"predecessor-version":[{"id":9564,"href":"https:\/\/www.facc10.org.br\/index.php?rest_route=\/wp\/v2\/pages\/410\/revisions\/9564"}],"wp:attachment":[{"href":"https:\/\/www.facc10.org.br\/index.php?rest_route=%2Fwp%2Fv2%2Fmedia&parent=410"}],"curies":[{"name":"wp","href":"https:\/\/api.w.org\/{rel}","templated":true}]}}