{"id":1007,"date":"2017-05-10T09:56:57","date_gmt":"2017-05-10T12:56:57","guid":{"rendered":"https:\/\/www.facc10.org.br\/?page_id=1007"},"modified":"2025-04-30T07:58:31","modified_gmt":"2025-04-30T10:58:31","slug":"documentos-institucionais-novo-teste","status":"publish","type":"page","link":"https:\/\/www.facc10.org.br\/?page_id=1007","title":{"rendered":"Documentos Institucionais"},"content":{"rendered":"<h4> Documentos Institucionais<\/h4>\r\n\r\n<button class=\"sanfona\" onclick=\"estica(this)\">Balan\u00e7o Anual<\/button><div class=\"panel\"><ul><li><a href=\"https:\/\/www.facc10.org.br\/docs\/Documentos Institucionais\/Balan\u00e7o Anual\/2004.pdf?509385086\" target=\"_blank\">2004<\/a><\/li><li><a href=\"https:\/\/www.facc10.org.br\/docs\/Documentos Institucionais\/Balan\u00e7o Anual\/2005.pdf?1995031961\" target=\"_blank\">2005<\/a><\/li><li><a href=\"https:\/\/www.facc10.org.br\/docs\/Documentos Institucionais\/Balan\u00e7o Anual\/2006.pdf?1894192634\" target=\"_blank\">2006<\/a><\/li><li><a href=\"https:\/\/www.facc10.org.br\/docs\/Documentos Institucionais\/Balan\u00e7o Anual\/2007.pdf?964353357\" target=\"_blank\">2007<\/a><\/li><li><a href=\"https:\/\/www.facc10.org.br\/docs\/Documentos Institucionais\/Balan\u00e7o Anual\/2008.pdf?945260783\" target=\"_blank\">2008<\/a><\/li><li><a href=\"https:\/\/www.facc10.org.br\/docs\/Documentos Institucionais\/Balan\u00e7o Anual\/2009.pdf?1099036315\" target=\"_blank\">2009<\/a><\/li><li><a href=\"https:\/\/www.facc10.org.br\/docs\/Documentos Institucionais\/Balan\u00e7o Anual\/2010.pdf?1926733356\" target=\"_blank\">2010<\/a><\/li><li><a href=\"https:\/\/www.facc10.org.br\/docs\/Documentos Institucionais\/Balan\u00e7o Anual\/2011.pdf?509945003\" target=\"_blank\">2011<\/a><\/li><li><a href=\"https:\/\/www.facc10.org.br\/docs\/Documentos Institucionais\/Balan\u00e7o Anual\/2012.pdf?1815717544\" target=\"_blank\">2012<\/a><\/li><li><a href=\"https:\/\/www.facc10.org.br\/docs\/Documentos Institucionais\/Balan\u00e7o Anual\/2013.pdf?267364040\" target=\"_blank\">2013<\/a><\/li><li><a href=\"https:\/\/www.facc10.org.br\/docs\/Documentos Institucionais\/Balan\u00e7o Anual\/2014.pdf?173105938\" target=\"_blank\">2014<\/a><\/li><li><a href=\"https:\/\/www.facc10.org.br\/docs\/Documentos Institucionais\/Balan\u00e7o Anual\/2015.pdf?1511794928\" target=\"_blank\">2015<\/a><\/li><li><a href=\"https:\/\/www.facc10.org.br\/docs\/Documentos Institucionais\/Balan\u00e7o Anual\/2016.pdf?684473383\" target=\"_blank\">2016<\/a><\/li><li><a href=\"https:\/\/www.facc10.org.br\/docs\/Documentos Institucionais\/Balan\u00e7o Anual\/2017.pdf?1137895965\" target=\"_blank\">2017<\/a><\/li><li><a href=\"https:\/\/www.facc10.org.br\/docs\/Documentos Institucionais\/Balan\u00e7o Anual\/2018.pdf?1199755398\" target=\"_blank\">2018<\/a><\/li><li><a href=\"https:\/\/www.facc10.org.br\/docs\/Documentos Institucionais\/Balan\u00e7o Anual\/2019.pdf?847751011\" target=\"_blank\">2019<\/a><\/li><li><a href=\"https:\/\/www.facc10.org.br\/docs\/Documentos Institucionais\/Balan\u00e7o Anual\/2020.pdf?1618037554\" target=\"_blank\">2020<\/a><\/li><li><a href=\"https:\/\/www.facc10.org.br\/docs\/Documentos Institucionais\/Balan\u00e7o Anual\/2021.pdf?1950569595\" target=\"_blank\">2021<\/a><\/li><li><a href=\"https:\/\/www.facc10.org.br\/docs\/Documentos Institucionais\/Balan\u00e7o Anual\/2022.pdf?23846736\" target=\"_blank\">2022<\/a><\/li><li><a href=\"https:\/\/www.facc10.org.br\/docs\/Documentos Institucionais\/Balan\u00e7o Anual\/2023.pdf?1848290486\" target=\"_blank\">2023<\/a><\/li><li><a href=\"https:\/\/www.facc10.org.br\/docs\/Documentos Institucionais\/Balan\u00e7o Anual\/2024.pdf?1724028058\" target=\"_blank\">2024<\/a><\/li><\/ul><\/div><button class=\"sanfona\" onclick=\"estica(this)\">Credenciamentos e Autoriza\u00e7\u00f5es<\/button><div class=\"panel\"><ul><li><a href=\"https:\/\/www.facc10.org.br\/docs\/Documentos Institucionais\/Credenciamentos e Autoriza\u00e7\u00f5es\/Autoriza\u00e7\u00e3o CBPF \u2013 Portaria Conjunta N\u00ba 232__2026-10-29.pdf?1842041755\" target=\"_blank\">Autoriza\u00e7\u00e3o CBPF \u2013 Portaria Conjunta N\u00ba 232<\/a> <small class=\"data-vigencia\">(Vig\u00eancia at\u00e9 29 de outubro de 2026)<\/small><\/li><li><a href=\"https:\/\/www.facc10.org.br\/docs\/Documentos Institucionais\/Credenciamentos e Autoriza\u00e7\u00f5es\/Autoriza\u00e7\u00e3o CEFET \u2013 Portaria Conjunta N\u00ba 85__2026-06-03.pdf?391599892\" target=\"_blank\">Autoriza\u00e7\u00e3o CEFET \u2013 Portaria Conjunta N\u00ba 85<\/a> <small class=\"data-vigencia\">(Vig\u00eancia at\u00e9 03 de junho de 2026)<\/small><\/li><li><a href=\"https:\/\/www.facc10.org.br\/docs\/Documentos Institucionais\/Credenciamentos e Autoriza\u00e7\u00f5es\/Autoriza\u00e7\u00e3o CETEM \u2013 Portaria Conjunta N\u00ba 240__2026-10-29.pdf?662871932\" target=\"_blank\">Autoriza\u00e7\u00e3o CETEM \u2013 Portaria Conjunta N\u00ba 240<\/a> <small class=\"data-vigencia\">(Vig\u00eancia at\u00e9 29 de outubro de 2026)<\/small><\/li><li><a href=\"https:\/\/www.facc10.org.br\/docs\/Documentos Institucionais\/Credenciamentos e Autoriza\u00e7\u00f5es\/Autoriza\u00e7\u00e3o CETENE \u2013 Portaria Conjunta N\u00ba 248.pdf?1713149107\" target=\"_blank\">Autoriza\u00e7\u00e3o CETENE \u2013 Portaria Conjunta N\u00ba 248<\/a><\/li><li><a href=\"https:\/\/www.facc10.org.br\/docs\/Documentos Institucionais\/Credenciamentos e Autoriza\u00e7\u00f5es\/Autoriza\u00e7\u00e3o CNEN \u2013 Portaria Conjunta N\u00ba 156__2026-09-10.pdf?322858037\" target=\"_blank\">Autoriza\u00e7\u00e3o CNEN \u2013 Portaria Conjunta N\u00ba 156<\/a> <small class=\"data-vigencia\">(Vig\u00eancia at\u00e9 10 de setembro de 2026)<\/small><\/li><li><a href=\"https:\/\/www.facc10.org.br\/docs\/Documentos Institucionais\/Credenciamentos e Autoriza\u00e7\u00f5es\/Autoriza\u00e7\u00e3o CPRM \u2013 Portaria Conjunta N\u00ba 159__2026-09-10.pdf?1566233320\" target=\"_blank\">Autoriza\u00e7\u00e3o CPRM \u2013 Portaria Conjunta N\u00ba 159<\/a> <small class=\"data-vigencia\">(Vig\u00eancia at\u00e9 10 de setembro de 2026)<\/small><\/li><li><a href=\"https:\/\/www.facc10.org.br\/docs\/Documentos Institucionais\/Credenciamentos e Autoriza\u00e7\u00f5es\/Autoriza\u00e7\u00e3o DCT-EB \u2013 Portaria Conjunta N\u00ba 26__2027-03-05.pdf?1828808619\" target=\"_blank\">Autoriza\u00e7\u00e3o DCT-EB \u2013 Portaria Conjunta N\u00ba 26<\/a> <small class=\"data-vigencia\">(Vig\u00eancia at\u00e9 05 de mar\u00e7o de 2027)<\/small><\/li><li><a href=\"https:\/\/www.facc10.org.br\/docs\/Documentos Institucionais\/Credenciamentos e Autoriza\u00e7\u00f5es\/Autoriza\u00e7\u00e3o FBN \u2013 Portaria Conjunta n\u00ba 246 __2026-10-31.pdf?559253914\" target=\"_blank\">Autoriza\u00e7\u00e3o FBN \u2013 Portaria Conjunta n\u00ba 246 <\/a> <small class=\"data-vigencia\">(Vig\u00eancia at\u00e9 31 de outubro de 2026)<\/small><\/li><li><a href=\"https:\/\/www.facc10.org.br\/docs\/Documentos Institucionais\/Credenciamentos e Autoriza\u00e7\u00f5es\/Autoriza\u00e7\u00e3o IBRAM - Portaria Conjunta N\u00ba 61__2026-05-12.pdf?1295007114\" target=\"_blank\">Autoriza\u00e7\u00e3o IBRAM - Portaria Conjunta N\u00ba 61<\/a> <small class=\"data-vigencia\">(Vig\u00eancia at\u00e9 12 de maio de 2026)<\/small><\/li><li><a href=\"https:\/\/www.facc10.org.br\/docs\/Documentos Institucionais\/Credenciamentos e Autoriza\u00e7\u00f5es\/Autoriza\u00e7\u00e3o IFRJ - Portaria Conjunta N\u00ba 42__2026-04-07.pdf?2060559198\" target=\"_blank\">Autoriza\u00e7\u00e3o IFRJ - Portaria Conjunta N\u00ba 42<\/a> <small class=\"data-vigencia\">(Vig\u00eancia at\u00e9 07 de abril de 2026)<\/small><\/li><li><a href=\"https:\/\/www.facc10.org.br\/docs\/Documentos Institucionais\/Credenciamentos e Autoriza\u00e7\u00f5es\/Autoriza\u00e7\u00e3o IMBEL \u2013 Portaria Conjunta n\u00ba 178__2026-09-10.pdf?174399118\" target=\"_blank\">Autoriza\u00e7\u00e3o IMBEL \u2013 Portaria Conjunta n\u00ba 178<\/a> <small class=\"data-vigencia\">(Vig\u00eancia at\u00e9 10 de setembro de 2026)<\/small><\/li><li><a href=\"https:\/\/www.facc10.org.br\/docs\/Documentos Institucionais\/Credenciamentos e Autoriza\u00e7\u00f5es\/Autoriza\u00e7\u00e3o INMA - Portaria Conjunta N\u00ba 148__2026-09-10.pdf?1143400499\" target=\"_blank\">Autoriza\u00e7\u00e3o INMA - Portaria Conjunta N\u00ba 148<\/a> <small class=\"data-vigencia\">(Vig\u00eancia at\u00e9 10 de setembro de 2026)<\/small><\/li><li><a href=\"https:\/\/www.facc10.org.br\/docs\/Documentos Institucionais\/Credenciamentos e Autoriza\u00e7\u00f5es\/Autoriza\u00e7\u00e3o INMETRO \u2013 Portaria Conjunta N\u00ba 234__2026-10-29.pdf?279070806\" target=\"_blank\">Autoriza\u00e7\u00e3o INMETRO \u2013 Portaria Conjunta N\u00ba 234<\/a> <small class=\"data-vigencia\">(Vig\u00eancia at\u00e9 29 de outubro de 2026)<\/small><\/li><li><a href=\"https:\/\/www.facc10.org.br\/docs\/Documentos Institucionais\/Credenciamentos e Autoriza\u00e7\u00f5es\/Autoriza\u00e7\u00e3o INPP \u2013 Portaria Conjunta N\u00ba 11__2027-03-05.pdf?1890903886\" target=\"_blank\">Autoriza\u00e7\u00e3o INPP \u2013 Portaria Conjunta N\u00ba 11<\/a> <small class=\"data-vigencia\">(Vig\u00eancia at\u00e9 05 de mar\u00e7o de 2027)<\/small><\/li><li><a href=\"https:\/\/www.facc10.org.br\/docs\/Documentos Institucionais\/Credenciamentos e Autoriza\u00e7\u00f5es\/Autoriza\u00e7\u00e3o INT \u2013 Portaria Conjunta N\u00ba 109__2026-07-08.pdf?1256746562\" target=\"_blank\">Autoriza\u00e7\u00e3o INT \u2013 Portaria Conjunta N\u00ba 109<\/a> <small class=\"data-vigencia\">(Vig\u00eancia at\u00e9 08 de julho de 2026)<\/small><\/li><li><a href=\"https:\/\/www.facc10.org.br\/docs\/Documentos Institucionais\/Credenciamentos e Autoriza\u00e7\u00f5es\/Autoriza\u00e7\u00e3o JBRJ - Portaria Conjunta N\u00ba 301__2026-11-28.pdf?520611944\" target=\"_blank\">Autoriza\u00e7\u00e3o JBRJ - Portaria Conjunta N\u00ba 301<\/a> <small class=\"data-vigencia\">(Vig\u00eancia at\u00e9 28 de novembro de 2026)<\/small><\/li><li><a href=\"https:\/\/www.facc10.org.br\/docs\/Documentos Institucionais\/Credenciamentos e Autoriza\u00e7\u00f5es\/Autoriza\u00e7\u00e3o MAST - Portaria Conjunta N\u00ba 176__2026-09-10.pdf?807299307\" target=\"_blank\">Autoriza\u00e7\u00e3o MAST - Portaria Conjunta N\u00ba 176<\/a> <small class=\"data-vigencia\">(Vig\u00eancia at\u00e9 10 de setembro de 2026)<\/small><\/li><li><a href=\"https:\/\/www.facc10.org.br\/docs\/Documentos Institucionais\/Credenciamentos e Autoriza\u00e7\u00f5es\/Autoriza\u00e7\u00e3o ON \u2013 Portaria Conjunta N\u00ba 197__2026-10-03.pdf?533300117\" target=\"_blank\">Autoriza\u00e7\u00e3o ON \u2013 Portaria Conjunta N\u00ba 197<\/a> <small class=\"data-vigencia\">(Vig\u00eancia at\u00e9 03 de outubro de 2026)<\/small><\/li><li><a href=\"https:\/\/www.facc10.org.br\/docs\/Documentos Institucionais\/Credenciamentos e Autoriza\u00e7\u00f5es\/Credenciamento FACC - Portaria Conjunta N\u00ba 126.pdf?670091614\" target=\"_blank\">Credenciamento FACC - Portaria Conjunta N\u00ba 126<\/a><\/li><li><a href=\"https:\/\/www.facc10.org.br\/docs\/Documentos Institucionais\/Credenciamentos e Autoriza\u00e7\u00f5es\/Credenciamento FACC - UENF.pdf?1572405223\" target=\"_blank\">Credenciamento FACC - UENF<\/a><\/li><li><a href=\"https:\/\/www.facc10.org.br\/docs\/Documentos Institucionais\/Credenciamentos e Autoriza\u00e7\u00f5es\/Credenciamento FACC - UERJ.pdf?180930276\" target=\"_blank\">Credenciamento FACC - UERJ<\/a><\/li><\/ul><\/div><button class=\"sanfona\" onclick=\"estica(this)\">C\u00f3digo de \u00c9tica<\/button><div class=\"panel\"><ul><li><a href=\"https:\/\/www.facc10.org.br\/docs\/Documentos Institucionais\/C\u00f3digo de \u00c9tica\/C\u00f3digo de \u00c9tica.pdf?2067712765\" target=\"_blank\">C\u00f3digo de \u00c9tica<\/a><\/li><\/ul><\/div><button class=\"sanfona\" onclick=\"estica(this)\">Estatuto<\/button><div class=\"panel\"><ul><li><a href=\"https:\/\/www.facc10.org.br\/docs\/Documentos Institucionais\/Estatuto\/Estatuto FACC.pdf?878142051\" target=\"_blank\">Estatuto FACC<\/a><\/li><\/ul><\/div><button class=\"sanfona\" onclick=\"estica(this)\">Pareceres de Auditoria<\/button><div class=\"panel\"><ul><li><a href=\"https:\/\/www.facc10.org.br\/docs\/Documentos Institucionais\/Pareceres de Auditoria\/2010.pdf?2092788223\" target=\"_blank\">2010<\/a><\/li><li><a href=\"https:\/\/www.facc10.org.br\/docs\/Documentos Institucionais\/Pareceres de Auditoria\/2011.pdf?2144991796\" target=\"_blank\">2011<\/a><\/li><li><a href=\"https:\/\/www.facc10.org.br\/docs\/Documentos Institucionais\/Pareceres de Auditoria\/2012.pdf?660018328\" target=\"_blank\">2012<\/a><\/li><li><a href=\"https:\/\/www.facc10.org.br\/docs\/Documentos Institucionais\/Pareceres de Auditoria\/2013.pdf?682934126\" target=\"_blank\">2013<\/a><\/li><li><a href=\"https:\/\/www.facc10.org.br\/docs\/Documentos Institucionais\/Pareceres de Auditoria\/2014.pdf?345583445\" target=\"_blank\">2014<\/a><\/li><li><a href=\"https:\/\/www.facc10.org.br\/docs\/Documentos Institucionais\/Pareceres de Auditoria\/2015.pdf?91770708\" target=\"_blank\">2015<\/a><\/li><li><a href=\"https:\/\/www.facc10.org.br\/docs\/Documentos Institucionais\/Pareceres de Auditoria\/2016.pdf?433247373\" target=\"_blank\">2016<\/a><\/li><li><a href=\"https:\/\/www.facc10.org.br\/docs\/Documentos Institucionais\/Pareceres de Auditoria\/2017.pdf?677202080\" target=\"_blank\">2017<\/a><\/li><li><a href=\"https:\/\/www.facc10.org.br\/docs\/Documentos Institucionais\/Pareceres de Auditoria\/2018.pdf?1458787386\" target=\"_blank\">2018<\/a><\/li><li><a href=\"https:\/\/www.facc10.org.br\/docs\/Documentos Institucionais\/Pareceres de Auditoria\/2019.pdf?139498716\" target=\"_blank\">2019<\/a><\/li><li><a href=\"https:\/\/www.facc10.org.br\/docs\/Documentos Institucionais\/Pareceres de Auditoria\/2020.pdf?795873247\" target=\"_blank\">2020<\/a><\/li><li><a href=\"https:\/\/www.facc10.org.br\/docs\/Documentos Institucionais\/Pareceres de Auditoria\/2021.pdf?990788327\" target=\"_blank\">2021<\/a><\/li><li><a href=\"https:\/\/www.facc10.org.br\/docs\/Documentos Institucionais\/Pareceres de Auditoria\/2022.pdf?97272770\" target=\"_blank\">2022<\/a><\/li><li><a href=\"https:\/\/www.facc10.org.br\/docs\/Documentos Institucionais\/Pareceres de Auditoria\/2023.pdf?160344410\" target=\"_blank\">2023<\/a><\/li><li><a href=\"https:\/\/www.facc10.org.br\/docs\/Documentos Institucionais\/Pareceres de Auditoria\/2024.pdf?603291219\" target=\"_blank\">2024<\/a><\/li><\/ul><\/div><button class=\"sanfona\" onclick=\"estica(this)\">Relat\u00f3rio Anual de Gest\u00e3o<\/button><div class=\"panel\"><ul><li><a href=\"https:\/\/www.facc10.org.br\/docs\/Documentos Institucionais\/Relat\u00f3rio Anual de Gest\u00e3o\/RAG 2008.pdf?2012811865\" target=\"_blank\">RAG 2008<\/a><\/li><li><a href=\"https:\/\/www.facc10.org.br\/docs\/Documentos Institucionais\/Relat\u00f3rio Anual de Gest\u00e3o\/RAG 2009.pdf?1613291953\" target=\"_blank\">RAG 2009<\/a><\/li><li><a href=\"https:\/\/www.facc10.org.br\/docs\/Documentos Institucionais\/Relat\u00f3rio Anual de Gest\u00e3o\/RAG 2010.pdf?10467775\" target=\"_blank\">RAG 2010<\/a><\/li><li><a href=\"https:\/\/www.facc10.org.br\/docs\/Documentos Institucionais\/Relat\u00f3rio Anual de Gest\u00e3o\/RAG 2011.pdf?1324005367\" target=\"_blank\">RAG 2011<\/a><\/li><li><a href=\"https:\/\/www.facc10.org.br\/docs\/Documentos Institucionais\/Relat\u00f3rio Anual de Gest\u00e3o\/RAG 2012.pdf?1790096652\" target=\"_blank\">RAG 2012<\/a><\/li><li><a href=\"https:\/\/www.facc10.org.br\/docs\/Documentos Institucionais\/Relat\u00f3rio Anual de Gest\u00e3o\/RAG 2013.pdf?646601826\" target=\"_blank\">RAG 2013<\/a><\/li><li><a href=\"https:\/\/www.facc10.org.br\/docs\/Documentos Institucionais\/Relat\u00f3rio Anual de Gest\u00e3o\/RAG 2014.pdf?77687224\" target=\"_blank\">RAG 2014<\/a><\/li><li><a href=\"https:\/\/www.facc10.org.br\/docs\/Documentos Institucionais\/Relat\u00f3rio Anual de Gest\u00e3o\/RAG 2015.pdf?182535301\" target=\"_blank\">RAG 2015<\/a><\/li><li><a href=\"https:\/\/www.facc10.org.br\/docs\/Documentos Institucionais\/Relat\u00f3rio Anual de Gest\u00e3o\/RAG 2016.pdf?145187032\" target=\"_blank\">RAG 2016<\/a><\/li><li><a href=\"https:\/\/www.facc10.org.br\/docs\/Documentos Institucionais\/Relat\u00f3rio Anual de Gest\u00e3o\/RAG 2017.pdf?420446460\" target=\"_blank\">RAG 2017<\/a><\/li><li><a href=\"https:\/\/www.facc10.org.br\/docs\/Documentos Institucionais\/Relat\u00f3rio Anual de Gest\u00e3o\/RAG 2018.pdf?570188316\" target=\"_blank\">RAG 2018<\/a><\/li><li><a href=\"https:\/\/www.facc10.org.br\/docs\/Documentos Institucionais\/Relat\u00f3rio Anual de Gest\u00e3o\/RAG 2019.pdf?1558797528\" target=\"_blank\">RAG 2019<\/a><\/li><li><a href=\"https:\/\/www.facc10.org.br\/docs\/Documentos Institucionais\/Relat\u00f3rio Anual de Gest\u00e3o\/RAG 2020.pdf?1992634572\" target=\"_blank\">RAG 2020<\/a><\/li><li><a href=\"https:\/\/www.facc10.org.br\/docs\/Documentos Institucionais\/Relat\u00f3rio Anual de Gest\u00e3o\/RAG 2021.pdf?1266588843\" target=\"_blank\">RAG 2021<\/a><\/li><li><a href=\"https:\/\/www.facc10.org.br\/docs\/Documentos Institucionais\/Relat\u00f3rio Anual de Gest\u00e3o\/RAG 2022.pdf?656091176\" target=\"_blank\">RAG 2022<\/a><\/li><li><a href=\"https:\/\/www.facc10.org.br\/docs\/Documentos Institucionais\/Relat\u00f3rio Anual de Gest\u00e3o\/RAG 2023.pdf?2014403871\" target=\"_blank\">RAG 2023<\/a><\/li><li><a href=\"https:\/\/www.facc10.org.br\/docs\/Documentos Institucionais\/Relat\u00f3rio Anual de Gest\u00e3o\/RAG 2024.pdf?142903011\" target=\"_blank\">RAG 2024<\/a><\/li><\/ul><\/div><button class=\"sanfona\" onclick=\"estica(this)\">Relat\u00f3rios de Transpar\u00eancia Salarial  (Lei n\u00ba 14.611, de 2023)<\/button><div class=\"panel\"><ul><li><a href=\"https:\/\/www.facc10.org.br\/docs\/Documentos Institucionais\/Relat\u00f3rios de Transpar\u00eancia Salarial  (Lei n\u00ba 14.611, de 2023)\/Relat\u00f3rio de Transpar\u00eancia e Igualdade Salarial de Mulheres e Homens \u2013 2025 1\u00ba Semestre.pdf?1168128333\" target=\"_blank\">Relat\u00f3rio de Transpar\u00eancia e Igualdade Salarial de Mulheres e Homens \u2013 2025 1\u00ba Semestre<\/a><\/li><li><a href=\"https:\/\/www.facc10.org.br\/docs\/Documentos Institucionais\/Relat\u00f3rios de Transpar\u00eancia Salarial  (Lei n\u00ba 14.611, de 2023)\/Relat\u00f3rio de Transpar\u00eancia e Igualdade Salarial de Mulheres e Homens \u2013 2025 2\u00ba Semestre.pdf?1166783608\" target=\"_blank\">Relat\u00f3rio de Transpar\u00eancia e Igualdade Salarial de Mulheres e Homens \u2013 2025 2\u00ba Semestre<\/a><\/li><li><a href=\"https:\/\/www.facc10.org.br\/docs\/Documentos Institucionais\/Relat\u00f3rios de Transpar\u00eancia Salarial  (Lei n\u00ba 14.611, de 2023)\/Relat\u00f3rio de Transpar\u00eancia e Igualdade Salarial de Mulheres e Homens \u2013 2026 1\u00ba Semestre.pdf?1830876546\" target=\"_blank\">Relat\u00f3rio de Transpar\u00eancia e Igualdade Salarial de Mulheres e Homens \u2013 2026 1\u00ba Semestre<\/a><\/li><\/ul><\/div>","protected":false},"excerpt":{"rendered":"Documentos Institucionais","protected":false},"author":1,"featured_media":0,"parent":0,"menu_order":0,"comment_status":"closed","ping_status":"closed","template":"page-templates\/page_fullwidth.php","meta":{"footnotes":"","_wp_rev_ctl_limit":""},"class_list":["post-1007","page","type-page","status-publish","hentry","no-wpautop"],"_links":{"self":[{"href":"https:\/\/www.facc10.org.br\/index.php?rest_route=\/wp\/v2\/pages\/1007","targetHints":{"allow":["GET"]}}],"collection":[{"href":"https:\/\/www.facc10.org.br\/index.php?rest_route=\/wp\/v2\/pages"}],"about":[{"href":"https:\/\/www.facc10.org.br\/index.php?rest_route=\/wp\/v2\/types\/page"}],"author":[{"embeddable":true,"href":"https:\/\/www.facc10.org.br\/index.php?rest_route=\/wp\/v2\/users\/1"}],"replies":[{"embeddable":true,"href":"https:\/\/www.facc10.org.br\/index.php?rest_route=%2Fwp%2Fv2%2Fcomments&post=1007"}],"version-history":[{"count":6,"href":"https:\/\/www.facc10.org.br\/index.php?rest_route=\/wp\/v2\/pages\/1007\/revisions"}],"predecessor-version":[{"id":16235,"href":"https:\/\/www.facc10.org.br\/index.php?rest_route=\/wp\/v2\/pages\/1007\/revisions\/16235"}],"wp:attachment":[{"href":"https:\/\/www.facc10.org.br\/index.php?rest_route=%2Fwp%2Fv2%2Fmedia&parent=1007"}],"curies":[{"name":"wp","href":"https:\/\/api.w.org\/{rel}","templated":true}]}}